{"id":74,"date":"2023-04-11T18:20:09","date_gmt":"2023-04-11T16:20:09","guid":{"rendered":"https:\/\/ambasciatapraga.esteri.it\/?page_id=74"},"modified":"2025-10-13T15:01:19","modified_gmt":"2025-10-13T10:01:19","slug":"autoveicoli-e-patenti-di-guida","status":"publish","type":"page","link":"https:\/\/ambtashkent.esteri.it\/it\/servizi-consolari-e-visti\/servizi-per-il-cittadino-italiano\/autoveicoli-e-patenti-di-guida\/","title":{"rendered":"Autoveicoli e Patenti di guida"},"content":{"rendered":"<p><strong>Nei Paesi non appartenenti all\u2019Unione europea e non firmatari di accordi di reciprocit\u00e0 con l\u2019Italia in materia di conversione di patenti di guida non \u00e8 possibile n\u00e9 riconoscere n\u00e9 convertire la patente italiana di guida<\/strong>.<br \/>\n\u00c8 pertanto opportuno prendere debito e tempestivo contatto con la Rappresentanza diplomatico-consolare italiana nel luogo ove si desidera guidare, o con la Rappresentanza estera in Italia del Paese straniero, per conoscere quali siano i documenti necessari e la normativa vigente in materia.<\/p>\n<p><strong>I titolari di patente italiana residenti o dimoranti per un periodo di almeno 6 mesi in Paesi extra UE possono ottenere presso le competenti Autorit\u00e0 diplomatico-consolari italiane la conferma della validit\u00e0 della loro patente italiana<\/strong>, scaduta da non pi\u00f9 di cinque anni e non rientrante nei casi previsti all\u2019art. 119, commi 2-bis e 4 del Codice della Strada (patenti di conducenti affetti da diabete o la cui idoneit\u00e0 psicofisica deve essere certificata da apposite commissioni mediche). Gli interessati dovranno effettuare la prevista visita medica per l\u2019accertamento dei requisiti psichici e fisici, dopo di che la Rappresentanza diplomatico-consolare rilascer\u00e0 apposita attestazione di rinnovo.<br \/>\n<strong>Il rinnovo effettuato presso una Rappresentanza diplomatica o consolare \u00e8 valido per circolare sia in Italia che all\u2019estero.<br \/>\nUna volta riacquisita la residenza o la dimora in Italia, la patente di guida dovr\u00e0 essere confermata dal competente ufficio centrale del Dipartimento per i trasporti, la navigazione ed i sistemi informativi e statistici.<\/strong><\/p>\n<p>Per il rinnovo della patente di guida, si prega di contattare questa Ambasciata all\u2019indirizzo: consolare.tashkent@esteri.it<\/p>\n","protected":false},"excerpt":{"rendered":"Nei Paesi non appartenenti all\u2019Unione europea e non firmatari di accordi di reciprocit\u00e0 con l\u2019Italia in materia di conversione di patenti di guida non \u00e8 possibile n\u00e9 riconoscere n\u00e9 convertire la patente italiana di guida. \u00c8 pertanto opportuno prendere debito e tempestivo contatto con la Rappresentanza diplomatico-consolare italiana nel luogo ove si desidera guidare, o [&hellip;]","protected":false},"author":1,"featured_media":0,"parent":47,"menu_order":14,"comment_status":"closed","ping_status":"closed","template":"","meta":{"footnotes":""},"class_list":["post-74","page","type-page","status-publish","hentry"],"_links":{"self":[{"href":"https:\/\/ambtashkent.esteri.it\/it\/wp-json\/wp\/v2\/pages\/74","targetHints":{"allow":["GET"]}}],"collection":[{"href":"https:\/\/ambtashkent.esteri.it\/it\/wp-json\/wp\/v2\/pages"}],"about":[{"href":"https:\/\/ambtashkent.esteri.it\/it\/wp-json\/wp\/v2\/types\/page"}],"author":[{"embeddable":true,"href":"https:\/\/ambtashkent.esteri.it\/it\/wp-json\/wp\/v2\/users\/1"}],"replies":[{"embeddable":true,"href":"https:\/\/ambtashkent.esteri.it\/it\/wp-json\/wp\/v2\/comments?post=74"}],"version-history":[{"count":4,"href":"https:\/\/ambtashkent.esteri.it\/it\/wp-json\/wp\/v2\/pages\/74\/revisions"}],"predecessor-version":[{"id":1269,"href":"https:\/\/ambtashkent.esteri.it\/it\/wp-json\/wp\/v2\/pages\/74\/revisions\/1269"}],"up":[{"embeddable":true,"href":"https:\/\/ambtashkent.esteri.it\/it\/wp-json\/wp\/v2\/pages\/47"}],"wp:attachment":[{"href":"https:\/\/ambtashkent.esteri.it\/it\/wp-json\/wp\/v2\/media?parent=74"}],"curies":[{"name":"wp","href":"https:\/\/api.w.org\/{rel}","templated":true}]}}