{"id":15,"date":"2023-04-11T17:08:57","date_gmt":"2023-04-11T15:08:57","guid":{"rendered":"https:\/\/ambasciatapraga.esteri.it\/?page_id=15"},"modified":"2026-04-03T10:54:59","modified_gmt":"2026-04-03T05:54:59","slug":"servizi-consolari-e-visti","status":"publish","type":"page","link":"https:\/\/ambtashkent.esteri.it\/it\/servizi-consolari-e-visti\/","title":{"rendered":"Servizi Consolari e Visti"},"content":{"rendered":"<p>Benvenuto nella sezione dedicata ai servizi consolari offerti dall\u2019Ambasciata Italiana a Tashkent.<\/p>\n<p>Per facilitare la navigazione abbiamo suddiviso i vari servizi erogati in due sezioni, quelli per il cittadino italiano e quelli per il cittadino straniero.<\/p>\n<p><a href=\"https:\/\/ambtashkent.esteri.it\/it\/servizi-consolari-e-visti\/servizi-per-il-cittadino-italiano\/\">PER IL CITTADINO ITALIANO\u00a0<\/a><\/p>\n<p><a href=\"https:\/\/ambtashkent.esteri.it\/it\/servizi-consolari-e-visti\/servizi-per-il-cittadino-straniero\/\">PER IL CITTADINO STRANIERO<\/a><\/p>\n<p>Le informazioni sui servizi offerti dall\u2019Ambasciata \u2013 che spaziano dal settore consolare e visti a quello commerciale e culturale \u2013 vanno richieste<strong> via mail<\/strong>, ai recapiti forniti di seguito, o in via residuale e se strettamente necessario per telefono (vedi la sezione\u00a0<a href=\"https:\/\/ambtashkent.esteri.it\/it\/chi-siamo\/contatti\/\">Contatti<\/a>).<\/p>\n<p>L\u2019Ufficio<strong>\u00a0Consolare\u00a0<\/strong>\u00e8 aperto dal luned\u00ec al venerd\u00ec dalle ore 09.30 alle 12.30 (il mercoled\u00ec e il venerd\u00ec mattina dalle 9,30 alle 12,30 solo sportello consolare) e il pomeriggio dalle ore 14.30 alle ore 16.30. L\u2019indirizzo mail dell\u2019Ufficio consolare \u00e8 il seguente: <a href=\"mailto:consolare.tashkent@esteri.it\">consolare.tashkent@esteri.it<\/a><\/p>\n<p>L\u2019Ufficio<strong> Visti <\/strong>\u00e8 aperto dal luned\u00ec al gioved\u00ec dalle ore 09.30 alle 12.30, per gli appuntamenti richiesta visto e il pomeriggio del marted\u00ec e del gioved\u00ec dalle ore 14.30 alle ore 15.30, solo per il ritiro. L\u2019indirizzo mail dell&#8217;Ufficio visti \u00e8 il seguente: <a href=\"mailto:visti.tashkent@esteri.it\">visti.tashkent@esteri.it<\/a><\/p>\n<p>L\u2019Ufficio\u00a0<strong>Commerciale<\/strong> risponde alla seguente mail:\u00a0<a href=\"mailto:tashkent@ice.it\">tashkent@ice.it\u00a0<\/a><\/p>\n<p>L\u2019Ufficio\u00a0<strong>Culturale\u00a0<\/strong>\u00e8 contattabile scrivendo a:\u00a0<a href=\"mailto:segreteria.tashkent@esteri.it\">segreteria.tashkent@esteri.it<\/a><\/p>\n<p>&nbsp;<\/p>\n<p><strong>PRENOT@MI (Sistema di appuntamenti)<\/strong><br \/>\nPer appuntamenti con la sezione VISTI occorre prenotare un appuntamento sul portale Prenot@mi, raggiungibile a questo link:\u00a0<a href=\"https:\/\/prenotami.esteri.it\/\">https:\/\/prenotami.esteri.it\/<\/a><\/p>\n<p><strong>TARIFFE CONSOLARI<\/strong><\/p>\n<p>La tabella delle tariffe\/percezioni consolari per il secondo trimestre 2026 \u00e8 disponibile <a href=\"https:\/\/ambtashkent.esteri.it\/wp-content\/uploads\/2026\/04\/Tabella-diritti-consolari-II-TRIM-2026.pdf\">qui<\/a><\/p>\n<p><strong>AGENZIE DI TRADUZIONE<\/strong><br \/>\n<strong>A Tashkent (Uzbekistan):<\/strong><\/p>\n<ul>\n<li>Egamberdieva Dano cell. +998.90.808 91 28, tel. +998.71.267 91 28, e-mail: <a href=\"mailto:daegamberdieva@gmail.com\">daegamberdieva@gmail.com<\/a>\u00a0;<\/li>\n<li>Jaskelevich Tatjana cell. +998.90.317 50 66, tel. +998.71.254 90 03. e-mail: <a href=\"mailto:tatiana.iaskelevitch@yandex.com\">tatiana.iaskelevitch@yandex.com<\/a>;\u00a0<a href=\"mailto:tatiana.iaskelevitch@bk.ru\">tatiana.iaskelevitch@bk.ru<\/a><\/li>\n<\/ul>\n<p><strong>A\u00a0Dushanbe (Tagikistan)<\/strong><\/p>\n<ul>\n<li>Intourist Translate Agency <a href=\"tel:+992900007060\">tel:+992900007060<\/a>, e-mail:\u00a0<a href=\"mailto:tarjuma@intourist.tj\">tarjuma@intourist.tj<\/a><\/li>\n<\/ul>\n<p>&nbsp;<\/p>\n<p><strong>INFORMATIVA SUL TRATTAMENTO DEI DATI PERSONALI AI FINI DELL\u2019EROGAZIONE DEI SERVIZI CONSOLARI<\/strong>: L\u2019informativa \u00e8 disponibile\u00a0<a href=\"https:\/\/ambtashkent.esteri.it\/wp-content\/uploads\/2025\/10\/Informativa-sul-trattamento-dei-dati-personali.pdf\">qui<\/a><\/p>\n","protected":false},"excerpt":{"rendered":"Benvenuto nella sezione dedicata ai servizi consolari offerti dall\u2019Ambasciata Italiana a Tashkent. Per facilitare la navigazione abbiamo suddiviso i vari servizi erogati in due sezioni, quelli per il cittadino italiano e quelli per il cittadino straniero. PER IL CITTADINO ITALIANO\u00a0 PER IL CITTADINO STRANIERO Le informazioni sui servizi offerti dall\u2019Ambasciata \u2013 che spaziano dal settore [&hellip;]","protected":false},"author":1,"featured_media":0,"parent":0,"menu_order":6,"comment_status":"closed","ping_status":"closed","template":"","meta":{"footnotes":""},"class_list":["post-15","page","type-page","status-publish","hentry"],"_links":{"self":[{"href":"https:\/\/ambtashkent.esteri.it\/it\/wp-json\/wp\/v2\/pages\/15","targetHints":{"allow":["GET"]}}],"collection":[{"href":"https:\/\/ambtashkent.esteri.it\/it\/wp-json\/wp\/v2\/pages"}],"about":[{"href":"https:\/\/ambtashkent.esteri.it\/it\/wp-json\/wp\/v2\/types\/page"}],"author":[{"embeddable":true,"href":"https:\/\/ambtashkent.esteri.it\/it\/wp-json\/wp\/v2\/users\/1"}],"replies":[{"embeddable":true,"href":"https:\/\/ambtashkent.esteri.it\/it\/wp-json\/wp\/v2\/comments?post=15"}],"version-history":[{"count":6,"href":"https:\/\/ambtashkent.esteri.it\/it\/wp-json\/wp\/v2\/pages\/15\/revisions"}],"predecessor-version":[{"id":2042,"href":"https:\/\/ambtashkent.esteri.it\/it\/wp-json\/wp\/v2\/pages\/15\/revisions\/2042"}],"wp:attachment":[{"href":"https:\/\/ambtashkent.esteri.it\/it\/wp-json\/wp\/v2\/media?parent=15"}],"curies":[{"name":"wp","href":"https:\/\/api.w.org\/{rel}","templated":true}]}}