{"id":1265,"date":"2025-10-06T11:14:38","date_gmt":"2025-10-06T06:14:38","guid":{"rendered":"https:\/\/ambtashkent.esteri.it\/?page_id=1265"},"modified":"2025-10-13T15:00:44","modified_gmt":"2025-10-13T10:00:44","slug":"notifiche","status":"publish","type":"page","link":"https:\/\/ambtashkent.esteri.it\/it\/servizi-consolari-e-visti\/servizi-per-il-cittadino-italiano\/notifiche\/","title":{"rendered":"Notifiche"},"content":{"rendered":"<p><strong>L\u2019attivit\u00e0 di notificazione \u00e8 una fase fondamentale dei processi civili, penali, tributari, amministrativi, fallimentari e del lavoro<\/strong>, nonch\u00e9 di alcune fasi pre-processuali o amministrative, che d\u00e0 l<strong>a conoscenza legale di un provvedimento mediante la consegna di un atto, giudiziario o extragiudiziario, da parte di un particolare soggetto notificatore, secondo precise modalit\u00e0.<\/strong><br \/>\nAi sensi dell\u2019art. 37 del D.Lgs. 71\/2011 l<strong>\u2019Ufficio consolare provvede alla notifica degli atti ad esso rimessi, in conformit\u00e0 alle disposizioni di cooperazione giudiziaria dell\u2019UE, alle convenzioni internazionali in materia e alle leggi dello Stato di residenza.<\/strong><\/p>\n<p><strong>NOTIFICA ALL\u2019ESTERO DEGLI ATTI GIUDIZIARI ED EXTRAGIUDIZIARI IN MATERIA CIVILE E COMMERCIALE<\/strong>.<br \/>\nLe informazioni sono reperibili nella \u201c<a href=\"https:\/\/www.esteri.it\/wp-content\/uploads\/2024\/11\/Guida-Notifiche-civile_settembre-2024_definitiva.pdf\">Guida alla notifica all\u2019estero degli atti giudiziari ed extragiudiziari in materia civile e commerciale (Edizione 2024)<\/a>\u201d.<\/p>\n<p><strong>NOTIFICA DI ATTI AMMINISTRATIVI A PERSONE RESIDENTI ALL\u2019ESTERO<\/strong><br \/>\n<a href=\"https:\/\/www.esteri.it\/wp-content\/uploads\/2022\/10\/Guida-Notifiche-Amministrative-2022.pdf\">Le informazioni sono reperibili nel seguente documento<\/a><\/p>\n<p><strong>NOTIFICA IN ITALIA DI ATTI GIUDIZIARI ED EXTRAGIUDIZIALI IN MATERIA CIVILE \u2013 COMMERCIALE, AMMINISTRATIVA E PENALE<\/strong><br \/>\nIl\u00a0<a href=\"https:\/\/www.esteri.it\/wp-content\/uploads\/2022\/06\/Vademecum-Notifiche-in-Italia-2022.pdf\">vademecum<\/a> intende fornire alle Rappresentanze Diplomatico-consolari straniere accreditate presso il Quirinale un essenziale strumento di consultazione, per \u00a0agevolare le procedure di notificazione di atti giudiziari destinati a soggetti (persone fisiche e giuridiche) domiciliati o residenti in Italia<\/p>\n","protected":false},"excerpt":{"rendered":"L\u2019attivit\u00e0 di notificazione \u00e8 una fase fondamentale dei processi civili, penali, tributari, amministrativi, fallimentari e del lavoro, nonch\u00e9 di alcune fasi pre-processuali o amministrative, che d\u00e0 la conoscenza legale di un provvedimento mediante la consegna di un atto, giudiziario o extragiudiziario, da parte di un particolare soggetto notificatore, secondo precise modalit\u00e0. Ai sensi dell\u2019art. 37 [&hellip;]","protected":false},"author":4,"featured_media":0,"parent":47,"menu_order":13,"comment_status":"closed","ping_status":"closed","template":"","meta":{"footnotes":""},"class_list":["post-1265","page","type-page","status-publish","hentry"],"_links":{"self":[{"href":"https:\/\/ambtashkent.esteri.it\/it\/wp-json\/wp\/v2\/pages\/1265","targetHints":{"allow":["GET"]}}],"collection":[{"href":"https:\/\/ambtashkent.esteri.it\/it\/wp-json\/wp\/v2\/pages"}],"about":[{"href":"https:\/\/ambtashkent.esteri.it\/it\/wp-json\/wp\/v2\/types\/page"}],"author":[{"embeddable":true,"href":"https:\/\/ambtashkent.esteri.it\/it\/wp-json\/wp\/v2\/users\/4"}],"replies":[{"embeddable":true,"href":"https:\/\/ambtashkent.esteri.it\/it\/wp-json\/wp\/v2\/comments?post=1265"}],"version-history":[{"count":2,"href":"https:\/\/ambtashkent.esteri.it\/it\/wp-json\/wp\/v2\/pages\/1265\/revisions"}],"predecessor-version":[{"id":1399,"href":"https:\/\/ambtashkent.esteri.it\/it\/wp-json\/wp\/v2\/pages\/1265\/revisions\/1399"}],"up":[{"embeddable":true,"href":"https:\/\/ambtashkent.esteri.it\/it\/wp-json\/wp\/v2\/pages\/47"}],"wp:attachment":[{"href":"https:\/\/ambtashkent.esteri.it\/it\/wp-json\/wp\/v2\/media?parent=1265"}],"curies":[{"name":"wp","href":"https:\/\/api.w.org\/{rel}","templated":true}]}}