{"id":1243,"date":"2025-10-06T11:00:48","date_gmt":"2025-10-06T06:00:48","guid":{"rendered":"https:\/\/ambtashkent.esteri.it\/?page_id=1243"},"modified":"2025-10-13T14:41:20","modified_gmt":"2025-10-13T09:41:20","slug":"spid","status":"publish","type":"page","link":"https:\/\/ambtashkent.esteri.it\/it\/servizi-consolari-e-visti\/servizi-per-il-cittadino-italiano\/spid\/","title":{"rendered":"SPID"},"content":{"rendered":"<p>SPID, il Sistema Pubblico di Identit\u00e0 Digitale, \u00e8 la soluzione che permette di accedere ai servizi online della Pubblica Amministrazione e dei soggetti privati aderenti con un\u2019unica Identit\u00e0 Digitale (username e password) utilizzabile da computer, tablet e smartphone.<\/p>\n<p>L\u2019utilizzo dello SPID \u00e8 <strong>gratuito<\/strong>.<\/p>\n<p>&gt;&gt; ATTENZIONE: Dall\u20191\u00b0 gennaio 2026, come previsto dalla legge di conversione del Decreto Legge n. 198\/2022, per accedere al portale dei servizi consolari \u201cFast It\u201d si dovr\u00e0 utilizzare la propria identit\u00e0 digitale (SPID, Carta d\u2019Identit\u00e0 Elettronica, Carta Nazionale dei Servizi).<\/p>\n<p>Anche richiedere SPID \u00e8 gratuito, ma alcune forme di riconoscimento da parte degli operatori potrebbero essere a pagamento.<\/p>\n<p>SPID \u00e8 semplice: prenotazioni sanitarie, iscrizioni scolastiche, accesso alla rete Wi-Fi pubblica, pratiche d\u2019impresa ecc. sempre con le stesse credenziali.<\/p>\n<p>SPID \u00e8 sicuro: il sistema SPID assicura la piena protezione dei tuoi dati personali e non \u00e8 consentito alcun tipo di profilazione; la tua privacy \u00e8 garantita.<\/p>\n<p>SPID \u00e8 veloce: \u00e8 possibile accedere velocemente ai servizi online della Pubblica Amministrazione e dei soggetti privati aderenti ovunque ti trovi e da qualsiasi dispositivo.<\/p>\n<p>Per ulteriori informazioni si rimanda al link ufficiale del Ministero degli Esteri: <a href=\"https:\/\/www.esteri.it\/it\/servizi-consolari-e-visti\/italiani-all-estero\/spid\/\">SPID \u2013 Ministero degli Affari Esteri e della Cooperazione Internazionale<\/a><\/p>\n","protected":false},"excerpt":{"rendered":"SPID, il Sistema Pubblico di Identit\u00e0 Digitale, \u00e8 la soluzione che permette di accedere ai servizi online della Pubblica Amministrazione e dei soggetti privati aderenti con un\u2019unica Identit\u00e0 Digitale (username e password) utilizzabile da computer, tablet e smartphone. L\u2019utilizzo dello SPID \u00e8 gratuito. &gt;&gt; ATTENZIONE: Dall\u20191\u00b0 gennaio 2026, come previsto dalla legge di conversione del [&hellip;]","protected":false},"author":4,"featured_media":0,"parent":47,"menu_order":6,"comment_status":"closed","ping_status":"closed","template":"","meta":{"footnotes":""},"class_list":["post-1243","page","type-page","status-publish","hentry"],"_links":{"self":[{"href":"https:\/\/ambtashkent.esteri.it\/it\/wp-json\/wp\/v2\/pages\/1243","targetHints":{"allow":["GET"]}}],"collection":[{"href":"https:\/\/ambtashkent.esteri.it\/it\/wp-json\/wp\/v2\/pages"}],"about":[{"href":"https:\/\/ambtashkent.esteri.it\/it\/wp-json\/wp\/v2\/types\/page"}],"author":[{"embeddable":true,"href":"https:\/\/ambtashkent.esteri.it\/it\/wp-json\/wp\/v2\/users\/4"}],"replies":[{"embeddable":true,"href":"https:\/\/ambtashkent.esteri.it\/it\/wp-json\/wp\/v2\/comments?post=1243"}],"version-history":[{"count":2,"href":"https:\/\/ambtashkent.esteri.it\/it\/wp-json\/wp\/v2\/pages\/1243\/revisions"}],"predecessor-version":[{"id":1383,"href":"https:\/\/ambtashkent.esteri.it\/it\/wp-json\/wp\/v2\/pages\/1243\/revisions\/1383"}],"up":[{"embeddable":true,"href":"https:\/\/ambtashkent.esteri.it\/it\/wp-json\/wp\/v2\/pages\/47"}],"wp:attachment":[{"href":"https:\/\/ambtashkent.esteri.it\/it\/wp-json\/wp\/v2\/media?parent=1243"}],"curies":[{"name":"wp","href":"https:\/\/api.w.org\/{rel}","templated":true}]}}