{"id":1221,"date":"2025-10-06T10:34:48","date_gmt":"2025-10-06T05:34:48","guid":{"rendered":"https:\/\/ambtashkent.esteri.it\/?page_id=1221"},"modified":"2025-12-16T15:12:20","modified_gmt":"2025-12-16T10:12:20","slug":"carta-didentita-elettronica","status":"publish","type":"page","link":"https:\/\/ambtashkent.esteri.it\/it\/servizi-consolari-e-visti\/servizi-per-il-cittadino-italiano\/documenti-di-viaggio\/carta-didentita-elettronica\/","title":{"rendered":"Carta d\u2019identit\u00e0 Elettronica"},"content":{"rendered":"<p>La Carta di Identit\u00e0 Elettronica \u00e8 il <strong>documento d\u2019identit\u00e0 dei cittadini italiani emesso dal Ministero dell\u2019Interno<\/strong> e prodotto dal Poligrafico e Zecca dello Stato che, grazie a sofisticati elementi di sicurezza e anticontraffazione, permette l\u2019accertamento dell\u2019identit\u00e0 del possessore e l\u2019accesso ai servizi digitali delle Pubblica Amministrazione. Maggiori informazioni sul sito web:\u00a0<a href=\"https:\/\/www.cartaidentita.interno.gov.it\/\">https:\/\/www.cartaidentita.interno.gov.it\/<\/a><\/p>\n<p>La<strong> CIE valida per l\u2019espatrio permette la circolazione nell\u2019Unione Europea<\/strong>, in alcuni Stati dell\u2019area Schengen (ad es. Islanda, Norvegia e Svizzera) e in altri Stati con cui sono stati raggiunti accordi bilaterali (vedasi le singole \u201cschede Paese\u201d sul sito\u00a0<a href=\"http:\/\/www.viaggiaresicuri.it\/\"><strong>www.viaggiaresicuri.it<\/strong><\/a>).<\/p>\n<p><strong>Nota bene<\/strong>: la Carta d\u2019identit\u00e0 elettronica\u00a0non\u00a0viene rilasciata a vista. In Ambasciata vengono acquisite le impronte biometriche e istruita telematicamente la pratica, mentre la Carta \u00e8 emessa dall\u2019Istituto Poligrafico e Zecca dello Stato che ne cura anche la spedizione via posta all\u2019Ambasciata.<\/p>\n<p><strong>\u00a0 \u00a0 \u00a0 \u00a0 \u00a0 Chi pu\u00f2 richiedere il rilascio della CIE?<\/strong><\/p>\n<p><strong>La CIE sar\u00e0 rilasciata esclusivamente ai cittadini italiani stabilmente residenti in questa circoscrizione consolare (Uzbekistan e Tagikistan) con iscrizione AIRE regolarizzata\/formalizzata<\/strong>\u00a0(ossia qui confermata dal Comune italiano di riferimento). E\u2019 inoltre necessario possedere <strong>il\u00a0codice fiscale validato<\/strong>.<\/p>\n<p>E\u2019 altres\u00ec indispensabile, per i cittadini italiani nati all\u2019estero, che il relativo\u00a0<strong>atto di nascita risulti gi\u00e0 trascritto nei registri di Stato Civile del Comune<\/strong>\u00a0di riferimento, in quanto gli estremi della trascrizione devono essere riportati sulla CIE.<\/p>\n<p><strong>\u00a0 \u00a0 \u00a0 \u00a0 \u00a0 Quando e come richiedere la CIE?<\/strong><\/p>\n<p>\u00c8 possibile richiedere la CIE nei<strong> seguenti casi:<\/strong><\/p>\n<ul>\n<li>prima emissione (non si \u00e8 in possesso di una carta d\u2019identit\u00e0);<\/li>\n<li>furto, smarrimento o deterioramento della precedente carta d\u2019identit\u00e0;<\/li>\n<li>in sostituzione di una carta di identit\u00e0 cartacea o di una CIE di I e II generazione (emessa prima del 4 luglio 2016).<\/li>\n<\/ul>\n<p>Per richiedere il rilascio della carta d\u2019identit\u00e0 elettronica<strong> \u00e8 necessario:<\/strong><\/p>\n<ul>\n<li>prenotare un appuntamento tramite email a <a href=\"mailto:consolare.tashkent@esteri.it\">consolare.tashkent@esteri.it<\/a><\/li>\n<li>inviare il formulario di richiesta ricevuto dall\u2019Ufficio Consolare e copia fronte retro della carta d\u2019identit\u00e0 in uso, o in sua assenza, del passaporto.<\/li>\n<\/ul>\n<p>Nel caso in cui, a seguito delle verifiche, emergessero\u00a0disallineamenti anagrafici o elementi ostativi al rilascio della CIE, sar\u00e0 cura di questa Ambasciata informarne l\u2019interessato anche ai fini della\u00a0cancellazione dell\u2019appuntamento.<\/p>\n<p>La presenza del richiedente e\/o del titolare della carta, se maggiore di 12 anni, \u00e8 obbligatoria al momento dell\u2019appuntamento ai fini dell\u2019acquisizione dei dati biometrici.<\/p>\n<p><strong>La presenza di entrambi i genitori all\u2019appuntamento \u00e8 obbligatoria per le richieste di CIE dei minori di 18 anni.\u00a0<\/strong><\/p>\n<p>In caso di smarrimento\/furto della carta d\u2019identit\u00e0 cartacea\/elettronica in corso di validit\u00e0 sar\u00e0 necessario presentare formale denuncia alla Polizia locale e presentarla a questo Ufficio in concomitanza dell\u2019appuntamento.<\/p>\n<p><strong>Qual \u00e8 la documentazione necessaria da portare con s\u00e9 al momento dell\u2019appuntamento per richiedere la CIE?<\/strong><\/p>\n<ul>\n<li>2fototessere a colori recenti, con lo sfondo bianco e conformi agli <a href=\"https:\/\/www.poliziadistato.it\/statics\/10\/fotografia_passaporto_web.pdf\">standard internazionali ICAO<\/a>\u00a0(N.B: \u00e8\u00a0anche possibile\u00a0per questo Ufficio effettuare la foto tramite FotoLive);<\/li>\n<li>Formulario di richiesta compilato e firmato (in formato cartaceo);<\/li>\n<li>Carta di identit\u00e0 in uso. In mancanza di questa, passaporto o documento di riconoscimento italiano in corso di validit\u00e0;<\/li>\n<li>(Eventuale) dichiarazione di smarrimento\/furto precedente documento in corso di validit\u00e0<\/li>\n<li>(Eventuale) atto di assenso di entrambi genitori nel caso in cui il richiedente sia un minore di 18 anni<\/li>\n<\/ul>\n<p>Tariffa consolare pari a\u00a0<strong>21,95 Euro<\/strong>\u00a0in caso di primo rilascio o rinnovo, e a\u00a0<strong>27,11 Euro<\/strong>\u00a0in caso di duplicato per furto, smarrimento o deterioramento di CIE in corso di validit\u00e0. La tariffa andr\u00e0 corrisposta all\u2019Ufficio Consolare in banconote USD (dollari americani).<br \/>\nLa tabella delle percezioni consolari per il primo trimestre 2026 \u00e8 disponibile\u00a0<a href=\"https:\/\/ambtashkent.esteri.it\/wp-content\/uploads\/2025\/12\/Tabella-diritti-consolari-I-TRIM-2026-4.pdf\">qui<\/a>.<\/p>\n<p><strong>Come si riceve la Carta d\u2019identit\u00e0 elettronica?<\/strong><\/p>\n<p>Come anticipato, la CIE non \u00e8 rilasciata il giorno dell\u2019appuntamento ma sar\u00e0 inviata dall\u2019Italia tramite raccomandata, a cura dell\u2019Istituto Poligrafico e Zecca dello Stato, all\u2019indirizzo dell\u2019Ambasciata. Il richiedente potr\u00e0 verificare lo status della spedizione sul sito di Poste italiane\u00a0<a href=\"https:\/\/www.poste.it\/prodotti\/raccomandata.html\"><strong>https:\/\/www.poste.it\/prodotti\/raccomandata.html<\/strong><\/a>\u00a0cliccando su \u201cCerca spedizioni\u201d e inserendo il numero di raccomandata indicato sulla ricevuta di richiesta CIE consegnata in sede di appuntamento.<\/p>\n<p>In caso di mancato ritiro a seguito di tre tentativi, l\u2019Ambasciata provveder\u00e0 a contattare nuovamente l\u2019interessato\/a per dar seguito al ritiro brevi manu. Non sono previste spedizioni ulteriori dall\u2019Ambasciata all\u2019indirizzo personale del richiedente.<\/p>\n<p><strong>Quanto tempo vale la CIE?<\/strong><\/p>\n<p>La validit\u00e0 della CIE varia a seconda dell\u2019et\u00e0 del titolare ed \u00e8 di:<\/p>\n<ul>\n<li>3 anni per i minori di et\u00e0 inferiore a 3 anni;<\/li>\n<li>\u00a05 anni per i minori di et\u00e0 compresa tra i 3 e i 18 anni;<\/li>\n<li>10 anni per i maggiorenni.<\/li>\n<\/ul>\n<p><strong>Cos\u2019\u00e8 l\u2019atto di assenso?<\/strong><\/p>\n<p>L\u2019assenso per il rilascio della carta di identit\u00e0 per minorenni, cos\u00ec come per i passaporti, \u00e8 necessario anche in caso di genitori non sposati, separati o divorziati. Se l\u2019altro genitore \u00e8 un cittadino dell\u2019UE, non \u00e8 necessaria la presenza in Consolato dello stesso ma sar\u00e0 sufficiente presentare il formulario di assenso debitamente compilato e firmato insieme alla copia del passaporto o della carta d\u2019identit\u00e0 di chi concede l\u2019assenso. Se il genitore che concede l\u2019assenso ha cittadinanza di un Paese extra-UE, deve firmare la dichiarazione di assenso in presenza nel giorno dell\u2019appuntamento, munito del passaporto.<\/p>\n","protected":false},"excerpt":{"rendered":"La Carta di Identit\u00e0 Elettronica \u00e8 il documento d\u2019identit\u00e0 dei cittadini italiani emesso dal Ministero dell\u2019Interno e prodotto dal Poligrafico e Zecca dello Stato che, grazie a sofisticati elementi di sicurezza e anticontraffazione, permette l\u2019accertamento dell\u2019identit\u00e0 del possessore e l\u2019accesso ai servizi digitali delle Pubblica Amministrazione. Maggiori informazioni sul sito web:\u00a0https:\/\/www.cartaidentita.interno.gov.it\/ La CIE valida per [&hellip;]","protected":false},"author":4,"featured_media":0,"parent":1217,"menu_order":0,"comment_status":"closed","ping_status":"closed","template":"","meta":{"footnotes":""},"class_list":["post-1221","page","type-page","status-publish","hentry"],"_links":{"self":[{"href":"https:\/\/ambtashkent.esteri.it\/it\/wp-json\/wp\/v2\/pages\/1221","targetHints":{"allow":["GET"]}}],"collection":[{"href":"https:\/\/ambtashkent.esteri.it\/it\/wp-json\/wp\/v2\/pages"}],"about":[{"href":"https:\/\/ambtashkent.esteri.it\/it\/wp-json\/wp\/v2\/types\/page"}],"author":[{"embeddable":true,"href":"https:\/\/ambtashkent.esteri.it\/it\/wp-json\/wp\/v2\/users\/4"}],"replies":[{"embeddable":true,"href":"https:\/\/ambtashkent.esteri.it\/it\/wp-json\/wp\/v2\/comments?post=1221"}],"version-history":[{"count":3,"href":"https:\/\/ambtashkent.esteri.it\/it\/wp-json\/wp\/v2\/pages\/1221\/revisions"}],"predecessor-version":[{"id":1729,"href":"https:\/\/ambtashkent.esteri.it\/it\/wp-json\/wp\/v2\/pages\/1221\/revisions\/1729"}],"up":[{"embeddable":true,"href":"https:\/\/ambtashkent.esteri.it\/it\/wp-json\/wp\/v2\/pages\/1217"}],"wp:attachment":[{"href":"https:\/\/ambtashkent.esteri.it\/it\/wp-json\/wp\/v2\/media?parent=1221"}],"curies":[{"name":"wp","href":"https:\/\/api.w.org\/{rel}","templated":true}]}}