{"id":1208,"date":"2025-10-03T15:48:57","date_gmt":"2025-10-03T10:48:57","guid":{"rendered":"https:\/\/ambtashkent.esteri.it\/?page_id=1208"},"modified":"2025-10-06T10:50:07","modified_gmt":"2025-10-06T05:50:07","slug":"4-anagrafe-italiani-residenti-allestero-a-i-r-e","status":"publish","type":"page","link":"https:\/\/ambtashkent.esteri.it\/it\/servizi-consolari-e-visti\/servizi-per-il-cittadino-italiano\/4-anagrafe-italiani-residenti-allestero-a-i-r-e\/","title":{"rendered":"Anagrafe Italiani residenti all\u2019estero (A.I.R.E.)"},"content":{"rendered":"<p><img loading=\"lazy\" decoding=\"async\" class=\"alignnone size-full wp-image-1212 img-fluid\" src=\"https:\/\/ambtashkent.esteri.it\/wp-content\/uploads\/2025\/10\/CARD-AIRE.jpg\" alt=\"\" width=\"1600\" height=\"900\" srcset=\"https:\/\/ambtashkent.esteri.it\/wp-content\/uploads\/2025\/10\/CARD-AIRE.jpg 1600w, https:\/\/ambtashkent.esteri.it\/wp-content\/uploads\/2025\/10\/CARD-AIRE-300x169.jpg 300w, https:\/\/ambtashkent.esteri.it\/wp-content\/uploads\/2025\/10\/CARD-AIRE-1024x576.jpg 1024w, https:\/\/ambtashkent.esteri.it\/wp-content\/uploads\/2025\/10\/CARD-AIRE-768x432.jpg 768w\" sizes=\"auto, (max-width: 1600px) 100vw, 1600px\" \/><\/p>\n<p>L\u2019Anagrafe degli Italiani Residenti all\u2019Estero (A.I.R.E.) \u00e8 stata istituita con legge 27 ottobre 1988, n. 470 (<a href=\"https:\/\/www.normattiva.it\/uri-res\/N2Ls?urn:nir:stato:legge:1988-10-27;470!vig=\">LEGGE 27 ottobre 1988, n. 470 \u2013 Normativa<\/a>). Essa \u00e8 gestita dai Comuni sulla base dei dati e delle informazioni provenienti dalle Rappresentanze consolari all\u2019estero.<br \/>\nL\u2019esercizio concreto di molti diritti fondamentali previsti dalla nostra Costituzione dipende dall\u2019iscrizione anagrafica, che se non effettuata correttamente pu\u00f2 comportare conseguenze negative in relazione, ad esempio, ai diritti elettorali, sanitari, sociali e fiscali, civili e personali.<\/p>\n<p>L\u2019iscrizione all\u2019A.I.R.E. \u00e8 un obbligo del cittadino (art. 6, L. 470\/1988; art. 11 L. 1228\/1954) e costituisce il presupposto per usufruire dei servizi consolari forniti dalle Rappresentanze all\u2019estero, nonch\u00e9 per l\u2019esercizio di importanti diritti, quali per esempio:<\/p>\n<ul>\n<li>la possibilit\u00e0 di votare per corrispondenza in occasione di elezioni politiche e di referendum, di cui agli articoli 75 e 138 della Costituzione, come previsto dalla legge 459\/2001;<\/li>\n<li>la possibilit\u00e0 di votare in occasione delle elezioni dei rappresentanti italiani al Parlamento Europeo presso seggi istituiti dalla rete diplomatico-consolare nei Paesi appartenenti all\u2019U.E.;<\/li>\n<li>la possibilit\u00e0 di ottenere il rilascio di documenti di identit\u00e0 e di viaggio;<\/li>\n<li>la possibilit\u00e0 di richiedere il rilascio di certificazioni di competenza delle Rappresentanze all\u2019estero;<\/li>\n<li>la possibilit\u00e0 di rinnovare la patente di guida (solo in Paesi extra U.E.; per i dettagli consultate la sezione\u00a0<a href=\"https:\/\/www.esteri.it\/it\/servizi-consolari-e-visti\/italiani-all-estero\/autoveicoli_e_patenti\">Autoveicoli \u2013 Patente di guida<\/a>).<\/li>\n<\/ul>\n<p><strong>\u00a0<\/strong><\/p>\n<p><strong>Devono iscriversi all\u2019A.I.R.E.:<\/strong><\/p>\n<ul>\n<li>i cittadini che fissano all\u2019estero la dimora abituale;<\/li>\n<li>quelli che gi\u00e0 vi risiedono, sia perch\u00e9 nati all\u2019estero che per successivo acquisto della cittadinanza italiana a qualsiasi titolo.<\/li>\n<\/ul>\n<p><strong>Non devono iscriversi all\u2019A.I.R.E.:<\/strong><\/p>\n<ul>\n<li>i cittadini che si recano all\u2019estero per un periodo di tempo inferiore ad un anno;<\/li>\n<li>i lavoratori stagionali;<\/li>\n<li>i dirigenti scolastici, docenti e personale amministrativo della scuola collocati fuori ruolo ed inviati all\u2019estero nell\u2019ambito di attivit\u00e0 scolastiche fuori dal territorio nazionale;<\/li>\n<li>i dipendenti di ruolo dello Stato in servizio all\u2019estero, che siano notificati ai sensi delle Convenzioni di Vienna sulle relazioni diplomatiche e sulle relazioni consolari rispettivamente del 1961 e del 1963;<\/li>\n<li>i militari italiani in servizio presso gli uffici e le strutture della NATO dislocate all\u2019estero.<\/li>\n<\/ul>\n<p><strong>Come si effettua la domanda di iscrizione all\u2019A.I.R.E.:<\/strong><\/p>\n<p>La richiesta va effettuata attraverso il portale\u00a0<a href=\"https:\/\/serviziconsolari.esteri.it\/ScoFE\/index.sco\">Fast-It<\/a><strong>\u00a0<\/strong>compilando l\u2019apposito modulo di richiesta (reperibile nei siti web degli Uffici consolari), a cui allegare\u00a0la documentazione richiesta dall\u2019Ufficio consolare. Per le modalit\u00e0 di invio dei moduli si suggerisce la consultazione del sito web dell\u2019Ufficio consolare competente per territorio di residenza. L\u2019iscrizione del cittadino residente all\u2019estero pu\u00f2 anche avvenire d\u2019ufficio, sulla base di informazioni di cui l\u2019Ufficio consolare abbia conoscenza, in base ai dati in suo possesso (art. 6, comma 6, L. 470\/1988).<\/p>\n<p><strong>&gt;&gt; ATTENZIONE<\/strong>: Dall\u2019<strong>1\u00a0gennaio 2026<\/strong>, come previsto dalla legge di conversione del\u00a0Decreto Legge n. 198\/2022, per accedere al portale dei servizi consolari \u201cFast It\u201d si dovr\u00e0 utilizzare la propria identit\u00e0 digitale (SPID, Carta d\u2019Identit\u00e0 Elettronica, Carta Nazionale dei Servizi).<\/p>\n<p>Per questioni di natura fiscale si prega di far riferimento a quanto disposto dal Decreto del Presidente della Repubblica 22 dicembre 1986, n. 917 (TESTO UNICO DELLE IMPOSTE SUI REDDITI) ed alle Circolari dell\u2019Agenzia delle Entrate.<\/p>\n<p>L\u2019iscrizione all\u2019A.I.R.E. \u00e8\u00a0<strong>GRATUITA<\/strong>.<\/p>\n<p><strong>Cosa accade se non ci si iscrive all\u2019A.I.R.E.:<\/strong><\/p>\n<p>L\u2019iscrizione all\u2019A.I.R.E. \u00e8 effettuata a seguito di dichiarazione che l\u2019interessato deve rendere all\u2019Ufficio consolare competente per territorio entro 90 giorni dal trasferimento della residenza e comporta la contestuale cancellazione dall\u2019Anagrafe della Popolazione Residente (A.P.R.) del Comune di provenienza. \u00a0Chiunque, avendo obblighi anagrafici, contravviene alle disposizioni della Legge 24 dicembre 1954, n. 1228, della Legge 27 ottobre 1988, n. 470, e dei regolamenti di esecuzione delle predette leggi \u00e8 soggetto a sanzioni pecuniarie amministrative, cos\u00ec come previsto dalla Legge 30 dicembre 2023, n. 213. L&#8217;autorit\u00e0 competente ad accertare e comminare l&#8217;eventuale sanzione \u00e8 il Comune nella cui Anagrafe \u00e8 iscritto il soggetto che sia residente all&#8217;estero. La sanzione NON \u00e8 retroattiva e perci\u00f2 vale solo a partire dall&#8217;anno 2024 e seguenti. Non sono perci\u00f2 comminabili sanzioni relativamente agli anni fino al 2023 incluso.<\/p>\n<p>Il procedimento accertativo e sanzionatorio in capo ai Comuni \u00e8 disciplinato dalla L. 24 novembre 1981, n. 689, il cui art. 1 prevede che \u201cNessuno pu\u00f2 essere assoggettato a sanzioni amministrative se non in forza di una legge che sia entrata in vigore prima della commissione della violazione\u201d.<\/p>\n","protected":false},"excerpt":{"rendered":"L\u2019Anagrafe degli Italiani Residenti all\u2019Estero (A.I.R.E.) \u00e8 stata istituita con legge 27 ottobre 1988, n. 470 (LEGGE 27 ottobre 1988, n. 470 \u2013 Normativa). Essa \u00e8 gestita dai Comuni sulla base dei dati e delle informazioni provenienti dalle Rappresentanze consolari all\u2019estero. L\u2019esercizio concreto di molti diritti fondamentali previsti dalla nostra Costituzione dipende dall\u2019iscrizione anagrafica, che [&hellip;]","protected":false},"author":4,"featured_media":0,"parent":47,"menu_order":3,"comment_status":"closed","ping_status":"closed","template":"","meta":{"footnotes":""},"class_list":["post-1208","page","type-page","status-publish","hentry"],"_links":{"self":[{"href":"https:\/\/ambtashkent.esteri.it\/it\/wp-json\/wp\/v2\/pages\/1208","targetHints":{"allow":["GET"]}}],"collection":[{"href":"https:\/\/ambtashkent.esteri.it\/it\/wp-json\/wp\/v2\/pages"}],"about":[{"href":"https:\/\/ambtashkent.esteri.it\/it\/wp-json\/wp\/v2\/types\/page"}],"author":[{"embeddable":true,"href":"https:\/\/ambtashkent.esteri.it\/it\/wp-json\/wp\/v2\/users\/4"}],"replies":[{"embeddable":true,"href":"https:\/\/ambtashkent.esteri.it\/it\/wp-json\/wp\/v2\/comments?post=1208"}],"version-history":[{"count":2,"href":"https:\/\/ambtashkent.esteri.it\/it\/wp-json\/wp\/v2\/pages\/1208\/revisions"}],"predecessor-version":[{"id":1216,"href":"https:\/\/ambtashkent.esteri.it\/it\/wp-json\/wp\/v2\/pages\/1208\/revisions\/1216"}],"up":[{"embeddable":true,"href":"https:\/\/ambtashkent.esteri.it\/it\/wp-json\/wp\/v2\/pages\/47"}],"wp:attachment":[{"href":"https:\/\/ambtashkent.esteri.it\/it\/wp-json\/wp\/v2\/media?parent=1208"}],"curies":[{"name":"wp","href":"https:\/\/api.w.org\/{rel}","templated":true}]}}